{"id":185,"date":"2007-07-19T14:02:19","date_gmt":"2007-07-19T12:02:19","guid":{"rendered":"http:\/\/www.czovek.hu\/wordpress\/?page_id=185"},"modified":"2020-09-16T18:30:24","modified_gmt":"2020-09-16T18:30:24","slug":"honlap-archivum","status":"publish","type":"page","link":"https:\/\/czovek.hu\/wordpress\/udvozlet\/honlap-archivum\/","title":{"rendered":"Honlap-arch\u00edvum"},"content":{"rendered":"<p>Ennek az oldalnak a funkci\u00f3ja &#8211; mi\u00f3ta a statikus oldalaim is egy blog-motor r\u00e9v\u00e9n \u00e9rhet\u0151k el &#8211; valamelyest t\u00falhaladott\u00e1 v\u00e1lt&#8230;<br \/>\nVagy m\u00e9gsem. \ud83d\ude42 Majd kider\u00fcl&#8230;<\/p>\n<p>Az \u0151sid\u0151kre vonatkoz\u00f3an pedig ld. alant a leg(f)els\u0151 &#8211; v. legutols\u00f3 \ud83d\ude00 (?) &#8211; bejegyz\u00e9st.<\/p>\n<p><strong>2020. j\u00fan. 27.<\/strong><\/p>\n<blockquote><p>A collectorism.com-r\u00f3l megval\u00f3s\u00edtottam a <a href=\"https:\/\/kepeslap.czovek.hu\/\">kepeslap.czovek.hu<\/a>-t.<\/p><\/blockquote>\n<p><strong>2019. dec. 24-29.<\/strong><\/p>\n<blockquote><p>A <a href=\"https:\/\/czovek.hu\/wordpress\/2009\/08\/26\/szatmarrol-tobbfelekeppen\/\">Szatm\u00e1rr\u00f3l &#8211; t\u00f6bbf\u00e9lek\u00e9ppen<\/a> c\u00edm\u0171 bejegyz\u00e9s illusztr\u00e1ci\u00f3nak a v\u00e1logat\u00e1sa.<\/p><\/blockquote>\n<p><strong>2019. okt. 1.<\/strong><\/p>\n<blockquote><p>Mindenf\u00e9le fot\u00f3k az internetr\u0151l.<\/p><\/blockquote>\n<p><strong>2019. szept. 29-30.<\/strong><\/p>\n<blockquote><p>A <em>phpMyAdmin<\/em> verzi\u00f3sz\u00e1ma kicser\u00e9lve a 4.9.0.1-re.<\/p><\/blockquote>\n<p><strong>2007. j\u00fan. 15.<\/strong><\/p>\n<blockquote dir=\"ltr\" style=\"margin-right: 0px;\"><p>Ideje n\u00e9mi tartalommal felt\u00f6ltenem ezeket az oldalakat is.<br \/>\nPersze, csak apr\u00e1nk\u00e9nt: egy kicsit ide, egy kicsit oda&#8230;<br \/>\nMost p\u00e9ld\u00e1ul egy <a href=\"http:\/\/www.czovek.hu\/wordpress\/?page_id=176\">honlap(om)-kr\u00f3nika<\/a> k\u00e9sz\u00fclt el.<br \/>\nM\u00e1r az oldalak kor\u00e1bbi v\u00e1ltozat\u00e1n\u00e1l tervbe vettem a megval\u00f3s\u00edt\u00e1s\u00e1t &#8211; csak, hogy egy\u00e9rtelm\u0171 legyen: m\u00e1r egy ideje k\u00fczd\u00f6k a webes megjelen\u00e9s neh\u00e9zs\u00e9geivel. A t\u00f6rt\u00e9net egyes \u00e1llom\u00e1saiba bepillant\u00e1st nyerve, legal\u00e1bb m\u00e1s is r\u00e1g\u00f3dhat rajta, hogy az eddig megtett \u00fat fejl\u0151d\u00e9s volt-e vagy valami egy\u00e9b&#8230; \ud83d\ude09<\/p><\/blockquote>\n<p><strong>2007. m\u00e1j. 3.<\/strong><\/p>\n<blockquote dir=\"ltr\" style=\"margin-right: 0px;\"><p>Ismer\u0151seim r\u00e9sz\u00e9r\u0151l \u00fajfent ig\u00e9ny mutatkozott egyn\u00e9mely f\u00e9nyk\u00e9pemre. (Eg\u00e9szen pontosan: egyn\u00e9mely <span style=\"font-style: italic;\">\u00e1ltalam k\u00e9sz\u00edtett<\/span> f\u00e9nyk\u00e9pre&#8230; \ud83d\ude00 ) H\u00e1t, legyen. \ud83d\ude42<br \/>\nA v\u00e1ltozatoss\u00e1g kedv\u00e9\u00e9rt <a href=\"http:\/\/czovekz.extra.hu\/?dir=070422\" target=\"_blank\" rel=\"noopener noreferrer\">a legfrissebbek<\/a>et &#8211; <a href=\"http:\/\/www.czovek.hu\/wordpress\/?page_id=177\">a kor\u00e1bbiak<\/a> t\u00e1rsas\u00e1g\u00e1ban &#8211; \u00faj helyre k\u00f6lt\u00f6ztettem: az <a href=\"http:\/\/www.extra.hu\/\" target=\"_blank\" rel=\"noopener noreferrer\">extra.hu<\/a> ingyenes t\u00e1rhelyszolg\u00e1ltat\u00f3ra. Amennyiben a k\u00e9pn\u00e9zeget\u00e9s k\u00f6zben a l\u00e1togat\u00f3k valamelyik\u00e9ben olthatatlan v\u00e1gy t\u00e1mad egyik-m\u00e1sik fot\u00f3 komment\u00e1l\u00e1s\u00e1ra, az \u00faj k\u00e9pgal\u00e9ria biztos\u00edtotta fel\u00fcleten ezt is megteheti&#8230;<\/p><\/blockquote>\n<p><strong>2007. \u00e1pr. 18.<\/strong><\/p>\n<blockquote dir=\"ltr\" style=\"margin-right: 0px;\"><p>Haladjunk a korral: n\u00e9mi keresg\u00e9l\u00e9s ut\u00e1n be\u00fczemeltetett egy <em>blog-alkalmaz\u00e1s<\/em>.<br \/>\nCsak gy\u0151zzem g\u00e9pel\u00e9ssel&#8230; \ud83d\ude42<br \/>\n<span style=\"text-decoration: line-through;\">[A k\u00e9s\u0151bbi haszn\u00e1latra vonatkoz\u00f3an: a webnapl\u00f3 \u00e9s ezen oldalak tartalma k\u00fcl\u00f6n-k\u00fcl\u00f6n kereshet\u0151 a felk\u00edn\u00e1lt \u0171rlapmez\u0151kkel.]<\/span><\/p>\n<blockquote><p><em>[A fenti inform\u00e1ci\u00f3, a honlap \u00e9s a blog &#8222;egyes\u00fcl\u00e9s\u00e9vel&#8221; &#8211; plusz: egy megfelel\u0151 pluginnak k\u00f6sz\u00f6nhet\u0151en \ud83d\ude09 &#8211; t\u00e1rgytalann\u00e1 v\u00e1llt.] <\/em><\/p><\/blockquote>\n<\/blockquote>\n<p><strong>2007. m\u00e1rc. 9.<\/strong><\/p>\n<blockquote dir=\"ltr\" style=\"margin-right: 0px;\"><p>Csal\u00e1dt\u00f6rt\u00e9neti anyaggy\u0171jt\u00f6get\u00e9seim eredm\u00e9nyei most m\u00e1r apr\u00e1nk\u00e9nt megjelenhetnek a <a href=\"http:\/\/www.czovek.hu\/\" target=\"_blank\" rel=\"noopener noreferrer\">czovek.hu<\/a>-n. Egy ilyen c\u00e9lra l\u00e9trehozott CMS-nek &#8211; PHPGedView &#8211; \u00e9s n\u00e9h\u00e1ny freeware geneal\u00f3giai programnak k\u00f6sz\u00f6nhet\u0151en. B\u00e1r vannak m\u00e9g probl\u00e9m\u00e1im a tartalomkezel\u0151 m\u0171k\u00f6d\u00e9s\u00e9vel &#8211; ill. a magyar nyelv\u0171 fel\u00fclet\u00e9vel &#8211; de ez m\u00e1r olyan megjelen\u00edt\u00e9si forma, amely k\u00f6zel\u00edt az elk\u00e9pzel\u00e9seimhez&#8230;<br \/>\nMindezek hozom\u00e1nyak\u00e9nt a szem\u00e9lyes oldalaim \u00e1tk\u00f6lt\u00f6ztek ide: a zoltan.czovek.hu aldomain-re&#8230; \ud83d\ude42<\/p><\/blockquote>\n<p><strong>2006. dec. 9.<\/strong><\/p>\n<blockquote dir=\"ltr\" style=\"margin-right: 0px;\"><p>Egy megnyugtat\u00f3an egyszer\u0171 tartalomkezel\u0151 rendszert be\u00fczemelve az ide sz\u00e1nt anyagok felt\u00f6lt\u00e9se &#8211; rem\u00e9lhet\u0151leg, mostm\u00e1r, tal\u00e1n &#8211; nem jelenthet k\u00fcl\u00f6n\u00f6sebb gondot.<br \/>\nAddig is a kor\u00e1bban felpakolt <a href=\"http:\/\/www.czovek.hu\/wordpress\/?page_id=177\">f\u00e9nyk\u00e9palbumok<\/a>at aj\u00e1nlhatom az \u00e9rdekl\u0151d\u0151k figyelm\u00e9be.<\/p><\/blockquote>\n<hr size=\"1\" width=\"95%\" \/>\n\n<script>\nvar zbPregResult = '0';\n<\/script>\n","protected":false},"excerpt":{"rendered":"<p>Ennek az oldalnak a funkci\u00f3ja &#8211; mi\u00f3ta a statikus oldalaim is egy blog-motor r\u00e9v\u00e9n \u00e9rhet\u0151k el &#8211; valamelyest t\u00falhaladott\u00e1 v\u00e1lt&#8230; Vagy m\u00e9gsem. \ud83d\ude42 Majd kider\u00fcl&#8230; Az \u0151sid\u0151kre vonatkoz\u00f3an pedig ld. alant a leg(f)els\u0151 &#8211; v. legutols\u00f3 \ud83d\ude00 (?) &#8211; bejegyz\u00e9st. 2020. j\u00fan. 27. A collectorism.com-r\u00f3l megval\u00f3s\u00edtottam a kepeslap.czovek.hu-t. 2019. dec. 24-29. A Szatm\u00e1rr\u00f3l &#8211; t\u00f6bbf\u00e9lek\u00e9ppen [&hellip;]<\/p>\n","protected":false},"author":1,"featured_media":0,"parent":173,"menu_order":0,"comment_status":"open","ping_status":"open","template":"","meta":{"footnotes":""},"class_list":["post-185","page","type-page","status-publish","hentry","missing-thumbnail"],"_links":{"self":[{"href":"https:\/\/czovek.hu\/wordpress\/wp-json\/wp\/v2\/pages\/185","targetHints":{"allow":["GET"]}}],"collection":[{"href":"https:\/\/czovek.hu\/wordpress\/wp-json\/wp\/v2\/pages"}],"about":[{"href":"https:\/\/czovek.hu\/wordpress\/wp-json\/wp\/v2\/types\/page"}],"author":[{"embeddable":true,"href":"https:\/\/czovek.hu\/wordpress\/wp-json\/wp\/v2\/users\/1"}],"replies":[{"embeddable":true,"href":"https:\/\/czovek.hu\/wordpress\/wp-json\/wp\/v2\/comments?post=185"}],"version-history":[{"count":3,"href":"https:\/\/czovek.hu\/wordpress\/wp-json\/wp\/v2\/pages\/185\/revisions"}],"predecessor-version":[{"id":7443,"href":"https:\/\/czovek.hu\/wordpress\/wp-json\/wp\/v2\/pages\/185\/revisions\/7443"}],"up":[{"embeddable":true,"href":"https:\/\/czovek.hu\/wordpress\/wp-json\/wp\/v2\/pages\/173"}],"wp:attachment":[{"href":"https:\/\/czovek.hu\/wordpress\/wp-json\/wp\/v2\/media?parent=185"}],"curies":[{"name":"wp","href":"https:\/\/api.w.org\/{rel}","templated":true}]}}