{"id":179,"date":"2007-07-18T15:52:28","date_gmt":"2007-07-18T13:52:28","guid":{"rendered":"http:\/\/www.czovek.hu\/wordpress\/?page_id=179"},"modified":"2007-07-18T15:52:28","modified_gmt":"2007-07-18T13:52:28","slug":"sohegy","status":"publish","type":"page","link":"https:\/\/czovek.hu\/wordpress\/hobbi\/fenykepezes\/sohegy\/","title":{"rendered":"S\u00f3hegy"},"content":{"rendered":"<p>Egy b\u00e9k\u00e9s, f\u00e9l\u00e9vz\u00e1r\u00f3 szombat Nagymaros hat\u00e1r\u00e1ban&#8230;<\/p>\n<p style=\"text-align: center;\">\n<embed type=\"application\/x-shockwave-flash\" width=\"288\" height=\"192\" src=\"https:\/\/picasaweb.google.com\/s\/c\/bin\/slideshow.swf\" flashvars=\"host=picasaweb.google.com&amp;hl=hu&amp;feat=flashalbum&amp;RGB=0x000000&amp;feed=https%3A%2F%2Fpicasaweb.google.com%2Fdata%2Ffeed%2Fapi%2Fuser%2Fzczovek%2Falbumid%2F5588155615486866001%3Falt%3Drss%26kind%3Dphoto%26hl%3Dhu\" pluginspage=\"http:\/\/www.macromedia.com\/go\/getflashplayer\"><\/embed><\/p>\n\n<script>\nvar zbPregResult = '0';\n<\/script>\n","protected":false},"excerpt":{"rendered":"<p>Egy b\u00e9k\u00e9s, f\u00e9l\u00e9vz\u00e1r\u00f3 szombat Nagymaros hat\u00e1r\u00e1ban&#8230;<\/p>\n","protected":false},"author":1,"featured_media":0,"parent":177,"menu_order":0,"comment_status":"open","ping_status":"closed","template":"","meta":{"footnotes":""},"class_list":["post-179","page","type-page","status-publish","hentry","missing-thumbnail"],"_links":{"self":[{"href":"https:\/\/czovek.hu\/wordpress\/wp-json\/wp\/v2\/pages\/179","targetHints":{"allow":["GET"]}}],"collection":[{"href":"https:\/\/czovek.hu\/wordpress\/wp-json\/wp\/v2\/pages"}],"about":[{"href":"https:\/\/czovek.hu\/wordpress\/wp-json\/wp\/v2\/types\/page"}],"author":[{"embeddable":true,"href":"https:\/\/czovek.hu\/wordpress\/wp-json\/wp\/v2\/users\/1"}],"replies":[{"embeddable":true,"href":"https:\/\/czovek.hu\/wordpress\/wp-json\/wp\/v2\/comments?post=179"}],"version-history":[{"count":0,"href":"https:\/\/czovek.hu\/wordpress\/wp-json\/wp\/v2\/pages\/179\/revisions"}],"up":[{"embeddable":true,"href":"https:\/\/czovek.hu\/wordpress\/wp-json\/wp\/v2\/pages\/177"}],"wp:attachment":[{"href":"https:\/\/czovek.hu\/wordpress\/wp-json\/wp\/v2\/media?parent=179"}],"curies":[{"name":"wp","href":"https:\/\/api.w.org\/{rel}","templated":true}]}}