{"id":178,"date":"2007-07-18T15:49:52","date_gmt":"2007-07-18T13:49:52","guid":{"rendered":"http:\/\/www.czovek.hu\/wordpress\/?page_id=178"},"modified":"2007-07-18T15:49:52","modified_gmt":"2007-07-18T13:49:52","slug":"osztalytalalkozo","status":"publish","type":"page","link":"https:\/\/czovek.hu\/wordpress\/hobbi\/fenykepezes\/osztalytalalkozo\/","title":{"rendered":"Oszt\u00e1lytal\u00e1lkoz\u00f3"},"content":{"rendered":"<p>&#8230; 2006 m\u00e1jus\u00e1ban.<\/p>\n<table border=\"1\" cellspacing=\"0\" cellpadding=\"5\" align=\"center\">\n<tbody>\n<tr>\n<td><\/td>\n<td align=\"center\">Cz.Z.<\/td>\n<td align=\"center\">I.Cs.<\/td>\n<td align=\"center\">M.M.<\/td>\n<\/tr>\n<tr>\n<td colspan=\"4\" align=\"left\"><strong>2006. m\u00e1jus 12.<\/strong><\/td>\n<\/tr>\n<tr>\n<td align=\"left\">&#8211; Vacsora Gabic\u00e1\u00e9kn\u00e1l<\/td>\n<td><a href=\"https:\/\/picasaweb.google.com\/zczovek\/20060512\" target=\"_blank\" rel=\"noopener noreferrer\">104 db<\/a><\/td>\n<td align=\"center\">&#8211;<\/td>\n<td align=\"center\"><a href=\"https:\/\/picasaweb.google.com\/zczovek\/20060512_MM\" target=\"_blank\" rel=\"noopener noreferrer\">1 db<\/a><\/td>\n<\/tr>\n<tr>\n<td colspan=\"4\" align=\"left\"><strong>2006. m\u00e1jus 13.<\/strong><\/td>\n<\/tr>\n<tr>\n<td align=\"left\">&#8211; &#8222;Oszt\u00e1lyf\u0151n\u00f6ki \u00f3ra&#8221;<\/td>\n<td align=\"right\"><a href=\"https:\/\/picasaweb.google.com\/zczovek\/20060513\" target=\"_blank\" rel=\"noopener noreferrer\">72 db<\/a><\/td>\n<td align=\"center\">&#8211;<\/td>\n<td align=\"center\"><a href=\"https:\/\/picasaweb.google.com\/zczovek\/20060513_MM\" target=\"_blank\" rel=\"noopener noreferrer\">9 db<\/a><\/td>\n<\/tr>\n<tr>\n<td align=\"left\">&#8211; &#8222;Oszt\u00e1lyk\u00e9p&#8221;; praeces<\/td>\n<td align=\"center\">&#8211;<\/td>\n<td><a href=\"https:\/\/picasaweb.google.com\/zczovek\/20060513_ICS1\" target=\"_blank\" rel=\"noopener noreferrer\">3 db<\/a><\/td>\n<td align=\"center\">&#8211;<\/td>\n<\/tr>\n<tr>\n<td align=\"left\">&#8211; Vacsora<\/td>\n<td align=\"center\">&#8211;<\/td>\n<td><a href=\"https:\/\/picasaweb.google.com\/zczovek\/20060513_ICS2\" target=\"_blank\" rel=\"noopener noreferrer\">9 db<\/a><\/td>\n<td align=\"center\">&#8211;<\/td>\n<\/tr>\n<\/tbody>\n<\/table>\n<p>&nbsp;<\/p>\n<p><strong>2008. jan. 13.<\/strong><\/p>\n<p style=\"padding-left: 30px;\">Merc\u00e9desz \u00e9rdekl\u0151d\u00f6tt, hova ker\u00fcltek a f\u00e9nyk\u00e9pek. Val\u00f3 igaz, p\u00e1rszor k\u00f6lt\u00f6ztettem \u0151ket &#8211; de most m\u00e1r tal\u00e1n nem v\u00e1ndorolnak tov\u00e1bb. N\u00e9mi &#8211; khmmm, apr\u00f3cska &#8211; kihagy\u00e1s ut\u00e1n felker\u00fcltek a Melind\u00e1t\u00f3l \u00e9s Csab\u00e1t\u00f3l begy\u0171jt\u00f6tt k\u00e9pek is.<\/p>\n<p><strong>2006. j\u00fan. 29.<\/strong><\/p>\n<p style=\"padding-left: 30px;\">A vizsgaid\u0151szak v\u00e9get \u00e9rv\u00e9n siker\u00fclt felpakolnom a Gabic\u00e1\u00e9kn\u00e1l k\u00e9sz\u00edtett k\u00e9peket is. A f\u00e9nyk\u00e9pez\u00e9sben k\u00f6zrem\u0171k\u00f6d\u00f6tt &#8211; ha j\u00f3l eml\u00e9kszem \ud83d\ude42 &#8211; SzPCs is&#8230; <strong> <\/strong><\/p>\n<p><strong>2006. j\u00fan. 10.<\/strong><\/p>\n<p style=\"padding-left: 30px;\"><strong><\/strong>Am\u00edg a Pat\u00f3 Laci \u00e1ltal felaj\u00e1nlott helyre ker\u00fclnek, az \u00e9rdekl\u0151d\u0151k itt el\u00e9rhetik a hozz\u00e1m eljuttatott f\u00e9nyk\u00e9peket. A saj\u00e1tjaimat \u00e1tm\u00e9reteztem ill. megpr\u00f3b\u00e1ltam szoftverrel &#8222;jav\u00edtani&#8221; &#8211; hogy ez mennyiben siker\u00fclt, mindenki eld\u00f6ntheti&#8230; Ha \u00e9rdekel az eredeti file, \u00edrj!<\/p>\n\n<script>\nvar zbPregResult = '0';\n<\/script>\n","protected":false},"excerpt":{"rendered":"<p>&#8230; 2006 m\u00e1jus\u00e1ban. Cz.Z. I.Cs. M.M. 2006. m\u00e1jus 12. &#8211; Vacsora Gabic\u00e1\u00e9kn\u00e1l 104 db &#8211; 1 db 2006. m\u00e1jus 13. &#8211; &#8222;Oszt\u00e1lyf\u0151n\u00f6ki \u00f3ra&#8221; 72 db &#8211; 9 db &#8211; &#8222;Oszt\u00e1lyk\u00e9p&#8221;; praeces &#8211; 3 db &#8211; &#8211; Vacsora &#8211; 9 db &#8211; &nbsp; 2008. jan. 13. Merc\u00e9desz \u00e9rdekl\u0151d\u00f6tt, hova ker\u00fcltek a f\u00e9nyk\u00e9pek. Val\u00f3 igaz, p\u00e1rszor k\u00f6lt\u00f6ztettem [&hellip;]<\/p>\n","protected":false},"author":1,"featured_media":0,"parent":177,"menu_order":0,"comment_status":"open","ping_status":"closed","template":"","meta":{"footnotes":""},"class_list":["post-178","page","type-page","status-publish","hentry","missing-thumbnail"],"_links":{"self":[{"href":"https:\/\/czovek.hu\/wordpress\/wp-json\/wp\/v2\/pages\/178","targetHints":{"allow":["GET"]}}],"collection":[{"href":"https:\/\/czovek.hu\/wordpress\/wp-json\/wp\/v2\/pages"}],"about":[{"href":"https:\/\/czovek.hu\/wordpress\/wp-json\/wp\/v2\/types\/page"}],"author":[{"embeddable":true,"href":"https:\/\/czovek.hu\/wordpress\/wp-json\/wp\/v2\/users\/1"}],"replies":[{"embeddable":true,"href":"https:\/\/czovek.hu\/wordpress\/wp-json\/wp\/v2\/comments?post=178"}],"version-history":[{"count":0,"href":"https:\/\/czovek.hu\/wordpress\/wp-json\/wp\/v2\/pages\/178\/revisions"}],"up":[{"embeddable":true,"href":"https:\/\/czovek.hu\/wordpress\/wp-json\/wp\/v2\/pages\/177"}],"wp:attachment":[{"href":"https:\/\/czovek.hu\/wordpress\/wp-json\/wp\/v2\/media?parent=178"}],"curies":[{"name":"wp","href":"https:\/\/api.w.org\/{rel}","templated":true}]}}