{"id":177,"date":"2007-07-18T15:45:53","date_gmt":"2007-07-18T13:45:53","guid":{"rendered":"http:\/\/www.czovek.hu\/wordpress\/?page_id=177"},"modified":"2007-07-18T15:45:53","modified_gmt":"2007-07-18T13:45:53","slug":"fenykepezes","status":"publish","type":"page","link":"https:\/\/czovek.hu\/wordpress\/hobbi\/fenykepezes\/","title":{"rendered":"F\u00e9nyk\u00e9pez\u00e9s"},"content":{"rendered":"<p>Weben k\u00f6zz\u00e9tett f\u00e9nyk\u00e9palbumaim a blog elind\u00edt\u00e1sa el\u0151tti id\u0151kb\u0151l. <\/p>\n<ul>\n<li><a href=\"http:\/\/www.czovek.hu\/wordpress\/?page_id=178\">Oszt\u00e1lytal\u00e1lkoz\u00f3, 2006<\/a><\/li>\n<li><a href=\"http:\/\/www.czovek.hu\/wordpress\/?page_id=179\">S\u00f3hegy, 2006<\/a><\/li>\n<\/ul>\n\n<script>\nvar zbPregResult = '0';\n<\/script>\n","protected":false},"excerpt":{"rendered":"<p>Weben k\u00f6zz\u00e9tett f\u00e9nyk\u00e9palbumaim a blog elind\u00edt\u00e1sa el\u0151tti id\u0151kb\u0151l. Oszt\u00e1lytal\u00e1lkoz\u00f3, 2006 S\u00f3hegy, 2006<\/p>\n","protected":false},"author":1,"featured_media":0,"parent":174,"menu_order":0,"comment_status":"open","ping_status":"open","template":"","meta":{"footnotes":""},"class_list":["post-177","page","type-page","status-publish","hentry","missing-thumbnail"],"_links":{"self":[{"href":"https:\/\/czovek.hu\/wordpress\/wp-json\/wp\/v2\/pages\/177","targetHints":{"allow":["GET"]}}],"collection":[{"href":"https:\/\/czovek.hu\/wordpress\/wp-json\/wp\/v2\/pages"}],"about":[{"href":"https:\/\/czovek.hu\/wordpress\/wp-json\/wp\/v2\/types\/page"}],"author":[{"embeddable":true,"href":"https:\/\/czovek.hu\/wordpress\/wp-json\/wp\/v2\/users\/1"}],"replies":[{"embeddable":true,"href":"https:\/\/czovek.hu\/wordpress\/wp-json\/wp\/v2\/comments?post=177"}],"version-history":[{"count":0,"href":"https:\/\/czovek.hu\/wordpress\/wp-json\/wp\/v2\/pages\/177\/revisions"}],"up":[{"embeddable":true,"href":"https:\/\/czovek.hu\/wordpress\/wp-json\/wp\/v2\/pages\/174"}],"wp:attachment":[{"href":"https:\/\/czovek.hu\/wordpress\/wp-json\/wp\/v2\/media?parent=177"}],"curies":[{"name":"wp","href":"https:\/\/api.w.org\/{rel}","templated":true}]}}