{"id":176,"date":"2007-07-18T15:22:38","date_gmt":"2007-07-18T13:22:38","guid":{"rendered":"http:\/\/www.czovek.hu\/wordpress\/?page_id=176"},"modified":"2007-07-18T15:22:38","modified_gmt":"2007-07-18T13:22:38","slug":"honlapom-kronika","status":"publish","type":"page","link":"https:\/\/czovek.hu\/wordpress\/hobbi\/internet\/honlapom-kronika\/","title":{"rendered":"Honlap(om)-kr\u00f3nika"},"content":{"rendered":"<p><strong>v.1.0<\/strong><\/p>\n<p>A dolog akkor kezd\u0151d\u00f6tt, mikor az egyetemen felmer\u00fclt: a tansz\u00e9k\u00fcnknek is meg kellene jelennie a weben. Adott volt egy kari szerver, ahol el lehetett helyezni a tansz\u00e9ki honlapot; egy oktat\u00f3, aki v\u00e1llalkozott az inspir\u00e1l\u00e1sra\/koordin\u00e1l\u00e1sra; \u00e9s n\u00e9h\u00e1ny hallgat\u00f3, aki \u00fagy gondolta, k\u00e9pes a kivitelez\u00e9sre. El is k\u00e9sz\u00fclt az opus &#8211; de azt hiszem, erre nem lehet\u00fcnk a legb\u00fcszk\u00e9bbek. A tartalma olyan amilyen, de a megjelen\u00e9s&#8230;! Mai szem(em)mel f\u00e9lelmetes.<br \/>\nAz aktivit\u00e1sunkra jellemz\u0151, hogy ez a v\u00e1ltozat &#8211; az <a href=\"http:\/\/www.archive.org\/web\/web.php\" target=\"_blank\" rel=\"noopener noreferrer\">Internet Archive<\/a> tan\u00fas\u00e1ga szerint &#8211; k\u00f6zz\u00e9t\u00e9tel\u00e9t\u0151l 2002. febru\u00e1rj\u00e1ig nagyj\u00e1b\u00f3l v\u00e1ltozatlan[!] form\u00e1ban el\u00e9rhet\u0151 volt &#8211; az 1997-es tan\u00e9vre vonatkoz\u00f3 inform\u00e1ci\u00f3kkal&#8230;<\/p>\n<table border=\"0\" align=\"right\" cellpadding=\"0\" cellspacing=\"4\">\n<tr>\n<td><highslide image=\"http:\/\/www.czovek.hu\/zoltan\/images\/v10.jpg\" thumbnail=\"http:\/\/www.czovek.hu\/zoltan\/images\/v10.gif\" captiontext=\"v1.0 - egy k\u00e9p az eredeti sz\u00ednvil\u00e1ggal\" show_caption=\"y\" show_prv_next=\"y\"><\/highslide><\/td>\n<\/tr>\n<\/table>\n<p>A kivitelez\u00e9s &#8216;jutalmak\u00e9nt&#8217; n\u00e9h\u00e1ny hallgat\u00f3i honlap is helyett kapott az anyagban. K\u00f6zt\u00fck a saj\u00e1tom. Akkori \u00e9rdekl\u0151d\u00e9semnek t\u00f6bb\u00e9-kev\u00e9sb\u00e9 megfelel\u0151 tartalommal \u00e9s &#8211; neml\u00e9tez\u0151 eszt\u00e9tikai \u00e9rz\u00e9kemet lek\u00e9pez\u0151 &#8211; \u00e9rdekes sz\u00ednvil\u00e1ggal. Ja, az id\u0151pont: <em>1996 tavasza<\/em>. (Egy ismer\u0151snek k\u00fcld\u00f6tt \u00e1pr. 30-i levelem alapj\u00e1n.)<br \/>\nA csattan\u00f3: szerver k\u00f6lt\u00f6ztet\u00e9s(eke)t, jelsz\u00f3 elfeled\u00e9st k\u00f6vet\u0151en ez a honlapocska &#8211; egyetemben az eml\u00edtett tansz\u00e9kivel &#8211; tov\u00e1bbra is el\u00e9rhet\u0151 a weben. \u00c9s nem csak arch\u00edvumban. <a href=\"http:\/\/www.btk.elte.hu\/ktud\/public_html\/hallgat\/zoli.htm\" target=\"_blank\" rel=\"noopener noreferrer\">Itt<\/a>. (A felt\u00fcntetett linkek legt\u00f6bbje &#8211; tal\u00e1n nem kell magyar\u00e1zni, mi\u00e9rt &#8211; m\u00e1r nem m\u0171k\u00f6dik&#8230;)<br \/>\nH\u00e1\u00e1\u00e1t, nem k\u00f6nny\u0171 a m\u00faltt\u00f3l szabadulni&#8230; \ud83d\ude42<\/p>\n<p><strong>v2.0<\/strong><\/p>\n<p>M\u00e1r az el\u0151z\u0151 verzi\u00f3 weben el\u00e9rhet\u0151 v\u00e1ltozat\u00e1n is olvashat\u00f3: id\u0151vel k\u00f6lt\u00f6zk\u00f6dtem. A v\u00e1ltozatoss\u00e1g kedv\u00e9\u00e9rt ugyancsak egy egyetemi szerverre &#8211; de m\u00e1r saj\u00e1t t\u00e1rter\u00fcletre. A &#8216;fejl\u0151d\u00e9s&#8217; n\u00e9mi tartalmi b\u0151v\u00fcl\u00e9sen &#8211; \u00e9s ennek megfelel\u0151 oldalsz\u00e1m-gyarapod\u00e1son &#8211; ill. megjelen\u00e9sbeli \u00e1talakul\u00e1son \u00e9rhet\u0151 tetten.<\/p>\n<table border=\"0\" align=\"left\" cellpadding=\"0\" cellspacing=\"4\">\n<tr>\n<td><highslide image=\"http:\/\/www.czovek.hu\/zoltan\/images\/v20.jpg\" thumbnail=\"http:\/\/www.czovek.hu\/zoltan\/images\/v20.gif\" captiontext=\"v2.0 - piros, k\u00e9k, feh\u00e9r\" show_caption=\"y\" show_prv_next=\"y\"><\/highslide><\/td>\n<\/tr>\n<\/table>\n<p>Mi is volt ez? Ha m\u00e1r valamilyen programmal siker\u00fclt <em>anim\u00e1lt gif<\/em>et l\u00e9trehozni, h\u00e1t ker\u00fclj\u00f6n be. Men\u00fcsor m\u00e9g nincs, de van helyette  <em>oldalt\u00e9rk\u00e9p<\/em> (tartalom). &#8216;Egyszer\u0171s\u00f6d\u00f6tt&#8217; &#8211; alapsz\u00ednekre (piros, k\u00e9k) \u00e9s feh\u00e9rre reduk\u00e1lt &#8211; a sz\u00ednvil\u00e1g \u00e9s megjelent az <em>ikon-haszn\u00e1lat<\/em>. Ez ut\u00f3bbiak egy r\u00e9sze windows bet\u0171k\u00e9szletekb\u0151l l\u00e9trehozva, m\u00e1s r\u00e9sze koppintva.<br \/>\nEkkoriban akadtam r\u00e1 a <a href=\"http:\/\/selfhtml.org\/\" target=\"_blank\" rel=\"noopener noreferrer\">SELFHTML<\/a> \u00f6ssze\u00e1ll\u00edt\u00e1sra. Amely n\u00e9met alaposs\u00e1ggal \u00f6ssze\u00e1ll\u00edtott dokument\u00e1ci\u00f3, webszerkeszt\u00e9si seg\u00e9dlet az\u00f3ta is gyakran haszn\u00e1lt inform\u00e1ci\u00f3forr\u00e1som. Ebben nagyon szimpatikusnak tal\u00e1ltam azt a megold\u00e1st, mely ikonokkal seg\u00edt a hivatkozott oldalak nyelv\u00e9nek, jelleg\u00e9nek beazonos\u00edt\u00e1s\u00e1ban.<br \/>\nErre a verzi\u00f3ra egy m\u00e1sik n\u00e9met nyelv\u0171 honlap, a &#8211; m\u00e1r csak a kor\u00e1bban eml\u00edtett <a href=\"http:\/\/www.archive.org\/web\/web.php\" target=\"_blank\" rel=\"noopener noreferrer\">Internet Archive<\/a>-ban fellelhet\u0151 &#8211; <em>Better Homepage<\/em> (www.better-homepage.com) is r\u00e1nyomta b\u00e9lyeg\u00e9t. Az onnan let\u00f6lthet\u0151 <em>ingyenes Java-appletek<\/em> (tartalomjegyz\u00e9k), saj\u00e1t <em>l\u00e1togatotts\u00e1g-sz\u00e1ml\u00e1l\u00f3<\/em> &#8211; eg\u00e9szen elvar\u00e1zsoltak. Bele is zs\u00fafoltam mindet az \u00f6ssze\u00e1ll\u00edt\u00e1sba.<br \/>\nEzek az oldalak valamikor <em>1998 nyar\u00e1t\u00f3l<\/em> voltak el\u00e9rhet\u0151ek a weben.<\/p>\n<p><strong>v3.0 <\/strong><\/p>\n<p>Id\u0151k\u00f6zben &#8211; tulajdonk\u00e9ppen m\u00e1r az oldalaim el\u0151z\u0151 v\u00e1ltozat\u00e1nak k\u00f6zz\u00e9t\u00e9tele idej\u00e9n &#8211; tanulm\u00e1nyaim egykori sz\u00ednhelye munkahelyemm\u00e9 v\u00e1lt. M\u00e1r ekkor motoszk\u00e1lt bennem a gondolat, hogy szem\u00e9lyes oldalaimat tal\u00e1n nem szerencs\u00e9s munkahelyi szerveren k\u00f6zz\u00e9tenni. K\u00fcl\u00f6n\u00f6sk\u00e9ppen, hogy semmi k\u00f6z\u00fck egym\u00e1shoz: h\u00e1t igen &#8211; nekem nem a munk\u00e1m a hobbim&#8230; \ud83d\ude42<br \/>\nAz elgondol\u00e1st tett k\u00f6vette, melyet az id\u0151k\u00f6zben egyre jobban elterjed\u0151 <em>ingyenes t\u00e1rhelyszolg\u00e1ltat\u00f3<\/em>k tettek kivitelezhet\u0151v\u00e9. N\u00e9mi keresg\u00e9l\u00e9s ut\u00e1n r\u00e1akadtam egy <em>rekl\u00e1mmentes<\/em> szolg\u00e1ltat\u00f3ra, ahov\u00e1 <em>2000 elej\u00e9n, tavasz\u00e1n<\/em> felpakoltam az anyagaimat.<\/p>\n<table border=\"0\" align=\"right\" cellpadding=\"0\" cellspacing=\"4\">\n<tr>\n<td><highslide image=\"http:\/\/www.czovek.hu\/zoltan\/images\/v30.jpg\" thumbnail=\"http:\/\/www.czovek.hu\/zoltan\/images\/v30.gif\" captiontext=\"v3.0 - piros, k\u00e9k, feh\u00e9r - 2. felvon\u00e1s\" show_caption=\"y\" show_prv_next=\"y\"><\/highslide><\/td>\n<\/tr>\n<\/table>\n<p>A gif anim\u00e1ci\u00f3t\u00f3l m\u00e9g nem voltam k\u00e9pes megszabadulni &#8211; s\u0151t: m\u00e1r nem csak logo, hanem <em>bel\u00e9ptet\u0151oldali<\/em> szerepet is kapott. Felv\u00e1llalt verzi\u00f3sz\u00e1mmal! \ud83d\ude42 A sz\u00ednvil\u00e1g megmaradt, m\u00f3dosult d\u00edsz\u00edt\u0151-elemekkel &#8211; de megjelent a bal oldali <em>men\u00fcsor<\/em>, melyben a <em>Better Homepage<\/em> megold\u00e1s\u00e1t koppintottam.<br \/>\nAmi a tartalmat illeti: nagyj\u00e1b\u00f3l megfelelt az el\u0151z\u0151 verzi\u00f3ban k\u00f6zz\u00e9tett anyagoknak. De a belbecsr\u0151l az \u00e9rdekl\u0151d\u0151knek mes\u00e9ljen maga az oldal: ugyanis ez a honlap is &#8216;fennrekedt&#8217; a weben: m\u00e9g <a href=\"http:\/\/emil.alarmix.org\/czovekz\/\" target=\"_blank\" rel=\"noopener noreferrer\">itt<\/a> veget\u00e1l&#8230; \ud83d\ude42 (A hivatkoz\u00e1sok haszn\u00e1lhat\u00f3s\u00e1ga kapcs\u00e1n ld.: v1.0)<\/p>\n<p><strong>[v4.0, 4.1]<\/strong><\/p>\n<p>Valamivel k\u00e9s\u0151bb azt tapasztaltam, hogy nem f\u00e9rek hozz\u00e1 az anyagaimhoz: a szolg\u00e1ltat\u00f3 jellege megv\u00e1ltozott &#8211; felhaszn\u00e1l\u00f3nevem, jelszavam haszn\u00e1lhatatlan lett. De az oldalak &#8211; ld. fentebb &#8211; el\u00e9rhet\u0151ek maradtak. Neki \u00e1lltam h\u00e1t \u00fajra a t\u00e1rhelykeres\u00e9snek. K\u00f6zben pedig az oldal \u00e1tszab\u00e1s\u00e1nak: \u00fagymond, csin\u00e1lni kellene valami egyedit.<\/p>\n<table border=\"0\" align=\"left\" cellpadding=\"0\" cellspacing=\"4\">\n<tr>\n<td><highslide image=\"http:\/\/www.czovek.hu\/zoltan\/images\/v40.jpg\" thumbnail=\"http:\/\/www.czovek.hu\/zoltan\/images\/v40.gif\" captiontext=\"v4.0 - \u00faj sz\u00ednvil\u00e1g, megjelen\u00e9s\" show_caption=\"y\" show_prv_next=\"y\"><\/highslide><\/td>\n<\/tr>\n<\/table>\n<p>Hogy ez mennyiben siker\u00fclt, mindenki eld\u00f6ntheti. N\u00e9h\u00e1ny r\u00e9gi megold\u00e1s mellett (hivatkoz\u00e1s-ikonok), alapvet\u0151en arra t\u00f6rekedtem, hogy az oldal a legk\u00fcl\u00f6nb\u00f6z\u0151bb b\u00f6ng\u00e9sz\u0151k alatt haszn\u00e1lhat\u00f3 legyen \u00e9s egyform\u00e1n megjelenjen. Akkoriban &#8211; az aktu\u00e1lis b\u00f6ng\u00e9sz\u0151verzi\u00f3k alatt &#8211; ez m\u0171k\u00f6d\u00f6tt is. A t\u00e1rhelykeres\u00e9s azonban z\u00e1tonyra futott. \u00cdgy h\u00e1t &#8211; osztottam, szoroztam \u00e9s &#8211; regisztr\u00e1ltattam a <em>czovek.hu<\/em> domain-nevet. A whois rekord alapj\u00e1n <em>2001. november 17-\u00e9n<\/em>. Mell\u00e9 egy kev\u00e9ske t\u00e1rter\u00fclet. Ahol \u00e9veken kereszt\u00fcl csak egy, a fenti &#8216;design&#8217;-hoz illeszked\u0151 bel\u00e9ptet\u0151oldalt lehetett el\u00e9rni &#8211; h\u00e1tt\u00e9rtartalom n\u00e9lk\u00fcl.<\/p>\n<table border=\"0\" align=\"right\" cellpadding=\"0\" cellspacing=\"4\">\n<tr>\n<td><highslide image=\"http:\/\/www.czovek.hu\/zoltan\/images\/v41.jpg\" thumbnail=\"http:\/\/www.czovek.hu\/zoltan\/images\/v41.gif\" captiontext=\"v4.1 - r\u00f6vid\u00edtett vonalak :)\" show_caption=\"y\" show_prv_next=\"y\"><\/highslide><\/td>\n<\/tr>\n<\/table>\n<p>Ugyanis sem ez, sem a valamelyest m\u00f3dos\u00edtott v\u00e1ltozata (v4.1) nem ker\u00fclt fel a webre. B\u00e1r folyamatosan alak\u00edtgattam mindkett\u0151t &#8211; a k\u00f6zz\u00e9t\u00e9tel valahogy mindig elmaradt.<br \/>\nA czovek.hu-n a t\u00e1rter\u00fclet a kezdeti 5 MB-r\u00f3l[!] azt\u00e1n felgyarapodott 1 GB-ig &#8211; mik\u00f6zben t\u00f6rt\u00e9nt egy szolg\u00e1ltat\u00f3-v\u00e1lt\u00e1s is.<br \/>\nAzt\u00e1n mikor a leg\u00fajabb Firefox alatt &#8216;sz\u00e9tesett&#8217; az apr\u00f3l\u00e9kosan fel\u00e9p\u00edtett keretszerkezet, feladtam a dolgot. Lemondtam az addig haszn\u00e1lt saj\u00e1t k\u00e9sz\u00edt\u00e9s\u0171, t\u00e1bl\u00e1zatok seg\u00edts\u00e9g\u00e9vel kialak\u00edtott statikus oldalakr\u00f3l &#8211; \u00e9s hanyagolni kezdtem a domain-t.<\/p>\n<p><strong>v5.x<\/strong><\/p>\n<p>M\u00edgnem r\u00e1csod\u00e1lkoztam a k\u00fcl\u00f6nb\u00f6z\u0151 <em>CMS<\/em>-esekre. Ezek a <em>tartalomkezel\u0151 rendszerek<\/em> &#8211; n\u00e9mi minim\u00e1lis technikai el\u0151felt\u00e9tel megl\u00e9te eset\u00e9n &#8211; eg\u00e9szen m\u00e1s megvil\u00e1g\u00edt\u00e1sba helyezik a weblapk\u00e9sz\u00edt\u00e9s teljes folyamat\u00e1t.<br \/>\nN\u00e9h\u00e1ny dolognak ut\u00e1nan\u00e9zve neki\u00e1lltam keresg\u00e9lni &#8211; majd v\u00e1lasztottam. N\u00e9h\u00e1nyat. \ud83d\ude42<\/p>\n<table border=\"0\" align=\"left\" cellpadding=\"0\" cellspacing=\"4\">\n<tr>\n<td><highslide image=\"http:\/\/www.czovek.hu\/zoltan\/images\/v50.jpg\" thumbnail=\"http:\/\/www.czovek.hu\/zoltan\/images\/v50.gif\" captiontext=\"v5.0 - CMSimple \u00e9s DCWD\" show_caption=\"y\" show_prv_next=\"y\"><\/highslide><\/td>\n<\/tr>\n<\/table>\n<p>A czovek.hu-ra <em>2006. november\u00e9nek v\u00e9g\u00e9n<\/em> pakoltam fel a <a href=\"http:\/\/www.cmsimple.dk\/\" target=\"_blank\" rel=\"noopener noreferrer\">CMSimple<\/a>-t. \u00c9s innent\u0151l felgyorsultak az esem\u00e9nyek&#8230;<br \/>\n<em>2007. m\u00e1rcius\u00e1ban<\/em> azt\u00e1n \u00e1tk\u00f6lt\u00f6ztettem ide, a <em>zoltan.czovek.hu<\/em> aldomain-re. Mert az eredeti c\u00edmre feltettem a <a href=\"http:\/\/www.phpgedview.net\/\" target=\"_blank\" rel=\"noopener noreferrer\">PHPGedView<\/a>-ot &#8211; egy geneal\u00f3giai inform\u00e1ci\u00f3k megjelen\u00edt\u00e9s\u00e9t lehet\u0151v\u00e9 t\u00e9v\u0151 cms-t.<br \/>\n<em>\u00c1prilisban<\/em> egy blog-alkalmaz\u00e1s &#8211; <a href=\"http:\/\/sourceforge.net\/projects\/sphpblog\/\" target=\"_blank\" rel=\"noopener noreferrer\">Simple PHP Blog<\/a> &#8211; ker\u00fclt a <a href=\"http:\/\/blog.czovek.hu\/\" style=\"font-style: italic\" target=\"_blank\" rel=\"noopener noreferrer\">blog.czovek.hu<\/a> aldomainre, <em>m\u00e1jus elej\u00e9n<\/em> pedig egy k\u00e9pgal\u00e9ria cms &#8211; <a href=\"http:\/\/ifoto.ireans.com\/\" target=\"_blank\" rel=\"noopener noreferrer\">iFoto<\/a> &#8211; a <a href=\"http:\/\/czovekz.extra.hu\/\" style=\"font-style: italic\" target=\"_blank\" rel=\"noopener noreferrer\">czovekz.extra.hu<\/a> c\u00edmre. A megjelen\u00e9s &#8211; egy template seg\u00edts\u00e9g\u00e9vel \ud83d\ude42 &#8211; megv\u00e1ltoztatva, majd a k\u00fcl\u00f6nb\u00f6z\u0151 aldomain-eken (\u00e9s egyeb\u00fctt) t\u00f6bb\u00e9-kev\u00e9sb\u00e9 egys\u00e9ges\u00edtve.<br \/>\nItt tartok most.<br \/>\nFolyt. k\u00f6v.<br \/>\n\ud83d\ude42<\/p>\n<hr size=\"1\" width=\"95%\" \/><\/td>\n<\/tr>\n<\/table>\n\n<script>\nvar zbPregResult = '0';\n<\/script>\n","protected":false},"excerpt":{"rendered":"<p>v.1.0 A dolog akkor kezd\u0151d\u00f6tt, mikor az egyetemen felmer\u00fclt: a tansz\u00e9k\u00fcnknek is meg kellene jelennie a weben. Adott volt egy kari szerver, ahol el lehetett helyezni a tansz\u00e9ki honlapot; egy oktat\u00f3, aki v\u00e1llalkozott az inspir\u00e1l\u00e1sra\/koordin\u00e1l\u00e1sra; \u00e9s n\u00e9h\u00e1ny hallgat\u00f3, aki \u00fagy gondolta, k\u00e9pes a kivitelez\u00e9sre. El is k\u00e9sz\u00fclt az opus &#8211; de azt hiszem, erre nem [&hellip;]<\/p>\n","protected":false},"author":1,"featured_media":0,"parent":175,"menu_order":0,"comment_status":"open","ping_status":"open","template":"","meta":{"footnotes":""},"class_list":["post-176","page","type-page","status-publish","hentry","missing-thumbnail"],"_links":{"self":[{"href":"https:\/\/czovek.hu\/wordpress\/wp-json\/wp\/v2\/pages\/176","targetHints":{"allow":["GET"]}}],"collection":[{"href":"https:\/\/czovek.hu\/wordpress\/wp-json\/wp\/v2\/pages"}],"about":[{"href":"https:\/\/czovek.hu\/wordpress\/wp-json\/wp\/v2\/types\/page"}],"author":[{"embeddable":true,"href":"https:\/\/czovek.hu\/wordpress\/wp-json\/wp\/v2\/users\/1"}],"replies":[{"embeddable":true,"href":"https:\/\/czovek.hu\/wordpress\/wp-json\/wp\/v2\/comments?post=176"}],"version-history":[{"count":0,"href":"https:\/\/czovek.hu\/wordpress\/wp-json\/wp\/v2\/pages\/176\/revisions"}],"up":[{"embeddable":true,"href":"https:\/\/czovek.hu\/wordpress\/wp-json\/wp\/v2\/pages\/175"}],"wp:attachment":[{"href":"https:\/\/czovek.hu\/wordpress\/wp-json\/wp\/v2\/media?parent=176"}],"curies":[{"name":"wp","href":"https:\/\/api.w.org\/{rel}","templated":true}]}}