{"id":175,"date":"2007-07-18T15:18:26","date_gmt":"2007-07-18T13:18:26","guid":{"rendered":"http:\/\/www.czovek.hu\/wordpress\/?page_id=175"},"modified":"2007-07-18T15:18:26","modified_gmt":"2007-07-18T13:18:26","slug":"internet","status":"publish","type":"page","link":"https:\/\/czovek.hu\/wordpress\/hobbi\/internet\/","title":{"rendered":"Internet"},"content":{"rendered":"<p>Az egyik &#8211; ki gondolta volna? \ud83d\ude42 &#8211; leg\u00fajabb-kelet\u0171 id\u0151t\u00f6lt\u00e9sem. Egyr\u00e9szt a seg\u00edts\u00e9g\u00e9vel el\u00e9rhet\u0151 anyagok (szoftverek, elektronikus sz\u00f6vegek, zene stb.) \u00e9s inform\u00e1ci\u00f3k, m\u00e1sr\u00e9szt a szolg\u00e1ltat\u00e1sai biztos\u00edtotta lehet\u0151s\u00e9gek r\u00e9v\u00e9n. Mint sok m\u00e1s embernek&#8230;<\/p>\n<p>Kezdetben volt az elektronikus levelez\u00e9s. Ez esetemben az egyetemi tanulm\u00e1nyaimhoz k\u00f6thet\u0151: akkoriban, mikor m\u00e1r eligazodtam valamelyest Bp-en \u00e9s a fels\u0151bb \u00e9ves hallgat\u00f3k n\u00e9melyik\u00e9t is be tudtam azonos\u00edtani &#8211; az egyik\u00fck j\u00f3volt\u00e1b\u00f3l a tansz\u00e9k szerver\u00e9n jutottam &#8211; a dolog ir\u00e1nt \u00e9rdekl\u0151d\u0151 \u00e9vfolyamt\u00e1rsaimmal egyetemben &#8211; e-mail c\u00edmhez. Az egyetemet 1993-ban kezdtem &#8211; 1995-b\u0151l dat\u00e1l\u00f3dnak az els\u0151 &#8216;archiv\u00e1lt&#8217; leveleim. Innent\u0151l a fejl\u0151d\u00e9s &#8211; a net fejl\u0151d\u00e9s\u00e9nek az egyetemre begy\u0171r\u0171z\u00e9s\u00e9vel p\u00e1rhuzamosan &#8211; \u00fagymond, egyenes volt. <span style=\"font-style: italic\">Newsgroup, ftp, talk, gopher, archie, mud<\/span> &#8211; szolg\u00e1ltat\u00e1sok \u00e9s alkalmaz\u00e1sok &#8211; term\u00e9szetesen karakteres fel\u00fcleten, az ennek megfelel\u0151 parancsnyelvvel. Azt\u00e1n ut\u00f3bb: a <span style=\"font-style: italic\">web<\/span>. A honlapjaival &#8211; \u00e9s a <a href=\"http:\/\/www.czovek.hu\/wordpress\/?page_id=176\">honlapjaim<\/a>mal&#8230; \ud83d\ude42<\/p>\n<hr size=\"1\" width=\"95%\" \/>\n\n<script>\nvar zbPregResult = '0';\n<\/script>\n","protected":false},"excerpt":{"rendered":"<p>Az egyik &#8211; ki gondolta volna? \ud83d\ude42 &#8211; leg\u00fajabb-kelet\u0171 id\u0151t\u00f6lt\u00e9sem. Egyr\u00e9szt a seg\u00edts\u00e9g\u00e9vel el\u00e9rhet\u0151 anyagok (szoftverek, elektronikus sz\u00f6vegek, zene stb.) \u00e9s inform\u00e1ci\u00f3k, m\u00e1sr\u00e9szt a szolg\u00e1ltat\u00e1sai biztos\u00edtotta lehet\u0151s\u00e9gek r\u00e9v\u00e9n. Mint sok m\u00e1s embernek&#8230; Kezdetben volt az elektronikus levelez\u00e9s. Ez esetemben az egyetemi tanulm\u00e1nyaimhoz k\u00f6thet\u0151: akkoriban, mikor m\u00e1r eligazodtam valamelyest Bp-en \u00e9s a fels\u0151bb \u00e9ves hallgat\u00f3k n\u00e9melyik\u00e9t [&hellip;]<\/p>\n","protected":false},"author":1,"featured_media":0,"parent":174,"menu_order":0,"comment_status":"open","ping_status":"open","template":"","meta":{"footnotes":""},"class_list":["post-175","page","type-page","status-publish","hentry","missing-thumbnail"],"_links":{"self":[{"href":"https:\/\/czovek.hu\/wordpress\/wp-json\/wp\/v2\/pages\/175","targetHints":{"allow":["GET"]}}],"collection":[{"href":"https:\/\/czovek.hu\/wordpress\/wp-json\/wp\/v2\/pages"}],"about":[{"href":"https:\/\/czovek.hu\/wordpress\/wp-json\/wp\/v2\/types\/page"}],"author":[{"embeddable":true,"href":"https:\/\/czovek.hu\/wordpress\/wp-json\/wp\/v2\/users\/1"}],"replies":[{"embeddable":true,"href":"https:\/\/czovek.hu\/wordpress\/wp-json\/wp\/v2\/comments?post=175"}],"version-history":[{"count":0,"href":"https:\/\/czovek.hu\/wordpress\/wp-json\/wp\/v2\/pages\/175\/revisions"}],"up":[{"embeddable":true,"href":"https:\/\/czovek.hu\/wordpress\/wp-json\/wp\/v2\/pages\/174"}],"wp:attachment":[{"href":"https:\/\/czovek.hu\/wordpress\/wp-json\/wp\/v2\/media?parent=175"}],"curies":[{"name":"wp","href":"https:\/\/api.w.org\/{rel}","templated":true}]}}