{"id":173,"date":"2007-07-18T15:11:10","date_gmt":"2007-07-18T13:11:10","guid":{"rendered":"http:\/\/www.czovek.hu\/wordpress\/?page_id=173"},"modified":"2007-07-18T15:11:10","modified_gmt":"2007-07-18T13:11:10","slug":"udvozlet","status":"publish","type":"page","link":"https:\/\/czovek.hu\/wordpress\/udvozlet\/","title":{"rendered":"\u00dcdv\u00f6zlet"},"content":{"rendered":"<blockquote>\n<table border=\"0\" cellspacing=\"0\" cellpadding=\"0\">\n<tbody>\n<tr>\n<td colspan=\"3\" align=\"left\"><strong>Mott\u00f3:<\/strong><\/td>\n<\/tr>\n<tr>\n<td rowspan=\"4\" width=\"15\"><\/td>\n<td colspan=\"2\" align=\"left\">&#8222;Nem mondhatom el senkinek&#8230;&#8221;<\/td>\n<\/tr>\n<tr>\n<td width=\"25\" align=\"left\"><\/td>\n<td align=\"left\"><em>Nincs itt senki. Egy tal\u00e1lkoz\u00f3t, \u00f6sszej\u00f6vetelt meg kellene szervezni, hogy: &#8216;majd valamikor&#8230;&#8217; A telefon\u00e1l\u00e1s &#8211; vezet\u00e9ken vagy mobilon &#8211; sokban van. Mailt, levelet \u00edrni az ismer\u0151s\u00f6knek &#8211; m\u00e9gis, mi alapj\u00e1n v\u00e1lasszam ki, \u00e9ppen kinek? &#8211; t\u00e9ny \u00e9s val\u00f3: lusta vagyok. Ez van&#8230; \ud83d\ude42<\/em><\/td>\n<\/tr>\n<tr>\n<td colspan=\"2\" align=\"left\">&#8222;&#8230; Elmondom h\u00e1t mindenkinek&#8230;&#8221;<\/td>\n<\/tr>\n<tr>\n<td colspan=\"2\" align=\"right\">(Karinthy Frigyes &#8211; seg\u00edts\u00e9g\u00e9vel szabadon)<\/td>\n<\/tr>\n<\/tbody>\n<\/table>\n<\/blockquote>\n<p>Annak idej\u00e9n ez az oldal szolg\u00e1lt honlapom c\u00edmlapjak\u00e9nt. Alkalmank\u00e9nt v\u00e1ltoz\u00f3 tartalommal, amelyek \u00e1ttekint\u00e9s\u00e9t a sz\u00e1mukra l\u00e9trehozott <a href=\"http:\/\/www.czovek.hu\/wordpress\/?page_id=185\">arch\u00edvum<\/a> tette lehet\u0151v\u00e9.<br \/>\nMostan &#8211; a <em>blog.czovek.hu<\/em> \u00e9s <em>zoltan.czovek.hu<\/em> aldomainek egy c\u00edmre ir\u00e1ny\u00edt\u00e1s\u00e1val &#8211; egy kiss\u00e9 \u00e1talakul a szerepe: kisebb r\u00e9szben &#8222;<em>About<\/em>&#8221; funkci\u00f3t, nagyobb r\u00e9szben a statikus oldalak tartalm\u00e1ra, kezel\u00e9s\u00e9re vonatkoz\u00f3 inform\u00e1ci\u00f3kat tervezek itten k\u00f6zz\u00e9tenni.<\/p>\n<p>Kellemes b\u00f6ng\u00e9sz\u00e9st!&#8230; \ud83d\ude42<br \/>\nCz. Z.<br \/>\n<!-- Olyasmiket, mint p\u00e9ld\u00e1ul:\n\n\n<blockquote>A <a href=\"http:\/\/www.wordpress.org\" _mce_href=\"http:\/\/www.wordpress.org\" target=\"_blank\" rel=\"noopener noreferrer\">WordPress<\/a> alap\u00e9rtelmez\u00e9sben a statikus oldalak\/aloldalak list\u00e1j\u00e1t nem dinamikusan, hanem teljesen kibontva jelen\u00edti meg. Mivel ez nagyon megny\u00fajtan\u00e1 a sidebar m\u00e9ret\u00e9t - ezzel nehezebben el\u00e9rhet\u0151v\u00e9 t\u00e9ve a blogra vonatkoz\u00f3 egy\u00e9b inform\u00e1ci\u00f3kat -, a c\u00edmek megjelen\u00edt\u00e9s\u00e9t az els\u0151 szintre korl\u00e1toztam. Az aloldalak k\u00f6z\u00f6tti navig\u00e1l\u00e1st az oldalakon bel\u00fcl elhelyezett hivatkoz\u00e1sok \u00e9s a fentebb l\u00e1that\u00f3 \"<em>keny\u00e9rmorzs\u00e1k<\/em>\" \ud83d\ude42 teszik lehet\u0151v\u00e9.<\/blockquote>\n\n\n--><\/p>\n<hr size=\"1\" \/>\n\n<script>\nvar zbPregResult = '0';\n<\/script>\n","protected":false},"excerpt":{"rendered":"<p>Mott\u00f3: &#8222;Nem mondhatom el senkinek&#8230;&#8221; Nincs itt senki. Egy tal\u00e1lkoz\u00f3t, \u00f6sszej\u00f6vetelt meg kellene szervezni, hogy: &#8216;majd valamikor&#8230;&#8217; A telefon\u00e1l\u00e1s &#8211; vezet\u00e9ken vagy mobilon &#8211; sokban van. Mailt, levelet \u00edrni az ismer\u0151s\u00f6knek &#8211; m\u00e9gis, mi alapj\u00e1n v\u00e1lasszam ki, \u00e9ppen kinek? &#8211; t\u00e9ny \u00e9s val\u00f3: lusta vagyok. Ez van&#8230; \ud83d\ude42 &#8222;&#8230; Elmondom h\u00e1t mindenkinek&#8230;&#8221; (Karinthy Frigyes &#8211; [&hellip;]<\/p>\n","protected":false},"author":1,"featured_media":0,"parent":0,"menu_order":0,"comment_status":"closed","ping_status":"open","template":"","meta":{"footnotes":""},"class_list":["post-173","page","type-page","status-publish","hentry","missing-thumbnail"],"_links":{"self":[{"href":"https:\/\/czovek.hu\/wordpress\/wp-json\/wp\/v2\/pages\/173","targetHints":{"allow":["GET"]}}],"collection":[{"href":"https:\/\/czovek.hu\/wordpress\/wp-json\/wp\/v2\/pages"}],"about":[{"href":"https:\/\/czovek.hu\/wordpress\/wp-json\/wp\/v2\/types\/page"}],"author":[{"embeddable":true,"href":"https:\/\/czovek.hu\/wordpress\/wp-json\/wp\/v2\/users\/1"}],"replies":[{"embeddable":true,"href":"https:\/\/czovek.hu\/wordpress\/wp-json\/wp\/v2\/comments?post=173"}],"version-history":[{"count":0,"href":"https:\/\/czovek.hu\/wordpress\/wp-json\/wp\/v2\/pages\/173\/revisions"}],"wp:attachment":[{"href":"https:\/\/czovek.hu\/wordpress\/wp-json\/wp\/v2\/media?parent=173"}],"curies":[{"name":"wp","href":"https:\/\/api.w.org\/{rel}","templated":true}]}}